{"id":562,"date":"2020-08-19T08:45:35","date_gmt":"2020-08-19T06:45:35","guid":{"rendered":"https:\/\/demo.creativethemes.com\/brizy\/business\/?page_id=562"},"modified":"2024-02-19T10:52:10","modified_gmt":"2024-02-19T09:52:10","slug":"strona-glowna","status":"publish","type":"page","link":"https:\/\/windypetelski.pl\/","title":{"rendered":"STRONA G\u0141\u00d3WNA"},"content":{"rendered":"<div class=\"brz-root__container brz-reset-all\">\n<section data-uid=\"giozhmuxghayhoqdaxjfblpluwbzhoufxlal\" id=\"giozhmuxghayhoqdaxjfblpluwbzhoufxlal\" class=\"brz-section brz-css-sqqsc\">\n<div class=\"brz-section__content brz-section--boxed brz-css-slwji brz-css-jraze\" data-custom-id=\"jnruakakhcjjzglrpgmzhpvwmqaqtcliakyo\">\n<div class=\"brz-bg overflow-hidden absolute top-0 left-0 w-full h-full\">\n<div class=\"brz-bg-image absolute top-0 left-0 w-full h-full bg-no-repeat bg-cover\"><\/div>\n<div class=\"brz-bg-color absolute top-0 left-0 w-full h-full\"><\/div>\n<\/div>\n<div class=\"brz-container brz-css-ddwve\">\n<div class=\"brz-row__container brz-css-hvzpp\" data-custom-id=\"fcoqcefialgvtqkzkipsnslclvmbxiwxwtpl\">\n<div class=\"brz-bg overflow-hidden absolute top-0 left-0 w-full h-full\"><\/div>\n<div class=\"brz-row brz-css-pqwmw\">\n<div class=\"brz-columns brz-css-wqqya brz-css-qogrh\" data-custom-id=\"iyshdukrcxdayziqdkdtondmgbrzajavelof\">\n<div class=\"brz-bg overflow-hidden absolute top-0 left-0 w-full h-full\"><\/div>\n<div class=\"brz-column__items brz-css-finbc\">\n<div class=\"brz-css-zipqs brz-wrapper\">\n<div class=\"brz-rich-text brz-rich-text__custom brz-css-ytwch\" data-custom-id=\"kdeensidtvmizogmnkilseunsovttsbiqbqu\">\n<div>\n<p class=\"brz-css-ktiwi\" data-generated-css=\"brz-css-dbvfl\" data-uniq-id=\"cmtbw\"><span class=\"brz-cp-color8\">POZNAJ NAS BLI\u017bEJ<\/span><\/p>\n<\/div>\n<\/div>\n<\/div>\n<div class=\"brz-css-zipqs brz-wrapper\">\n<div class=\"brz-rich-text brz-rich-text__custom brz-css-ytwch\" data-custom-id=\"bucliovqxzypdbgbhpafsxxyhuoxoyyvojna\">\n<div>\n<p class=\"brz-css-mwtth\" data-generated-css=\"brz-css-fgifo\" data-uniq-id=\"hhfzy\"><span class=\"brz-cp-color8\">Witamy na stronie firmy<\/span><\/p>\n<\/div>\n<\/div>\n<\/div>\n<div class=\"brz-css-zipqs brz-wrapper\">\n<div class=\"brz-rich-text brz-rich-text__custom brz-css-ytwch\" data-custom-id=\"fjaaumhczqepyjjkafxfaiyitiidmrslqewu\">\n<div>\n<p class=\"brz-css-cgikb\" data-generated-css=\"brz-css-gbpbk\" data-uniq-id=\"zwuct\"><span class=\"brz-cp-color6\">Wita Ci\u0119 Zak\u0142ad Elektromechaniki D\u017awigowej Petelski sp\u00f3\u0142ka cywilna<\/span><\/p>\n<\/div>\n<\/div>\n<\/div>\n<\/div>\n<\/div>\n<div class=\"brz-columns brz-css-wqqya brz-css-gkars\" data-custom-id=\"obctfjsdvcdkatgffjpqtioeqdqtxdprqyim\">\n<div class=\"brz-bg overflow-hidden absolute top-0 left-0 w-full h-full\"><\/div>\n<div class=\"brz-column__items brz-css-finbc\"><\/div>\n<\/div>\n<\/div>\n<\/div>\n<\/div>\n<\/div>\n<\/section>\n<section data-uid=\"xydahecttbmrftqyncpudfmqkqbvyfxggnoi\" id=\"xydahecttbmrftqyncpudfmqkqbvyfxggnoi\" class=\"brz-section brz-css-sqqsc brz-css-batve\">\n<div class=\"brz-section__content brz-section--boxed brz-css-slwji brz-css-srfbu\" data-custom-id=\"knvyicsboudfjcdushdwojqoifmykxdoyyux\">\n<div class=\"brz-bg overflow-hidden absolute top-0 left-0 w-full h-full\">\n<div class=\"brz-bg-color absolute top-0 left-0 w-full h-full\"><\/div>\n<\/div>\n<div class=\"brz-container brz-css-ddwve\">\n<div class=\"brz-row__container brz-css-hvzpp\" data-custom-id=\"ihvopiyerqlklujalykvqqtgaheoanzxqire\">\n<div class=\"brz-bg overflow-hidden absolute top-0 left-0 w-full h-full\"><\/div>\n<div class=\"brz-row brz-css-pqwmw brz-css-pluti\">\n<div class=\"brz-columns brz-css-wqqya brz-css-jhmax\" data-custom-id=\"jzdyzubzwxdknjwsjpadpremwfebqnzwngio\">\n<div class=\"brz-bg overflow-hidden absolute top-0 left-0 w-full h-full\">\n<div class=\"brz-bg-image absolute top-0 left-0 w-full h-full bg-no-repeat bg-cover\"><\/div>\n<\/div>\n<div class=\"brz-column__items brz-css-finbc\">\n<div class=\"brz-css-zipqs brz-css-gfkqv brz-wrapper\">\n<div class=\"brz-spacer brz-css-yyvyc brz-css-vonne\"><\/div>\n<\/div>\n<\/div>\n<\/div>\n<div class=\"brz-columns brz-css-wqqya brz-css-mxotb\" data-custom-id=\"ykvzohojblagyhzfqwvnainhirmfgyrvowjq\">\n<div class=\"brz-bg overflow-hidden absolute top-0 left-0 w-full h-full\"><\/div>\n<div class=\"brz-column__items brz-css-finbc brz-css-phvgn\">\n<div class=\"brz-css-zipqs brz-css-gfkqv brz-css-vnhpo brz-wrapper\">\n<div class=\"brz-spacer brz-css-yyvyc\"><\/div>\n<\/div>\n<div class=\"brz-css-zipqs brz-wrapper\">\n<div class=\"brz-rich-text brz-rich-text__custom brz-css-ytwch\" data-custom-id=\"jckodcrctwtmmipgjkxpvpvhwjiafowmkoha\">\n<div>\n<p class=\"brz-css-lwwqx\" data-uniq-id=\"yqexq\" data-generated-css=\"brz-css-ysfhd\"><span class=\"brz-cp-color2\">Podejmujemy ka\u017cde, nawet najtrudniejsze wyzwania!<\/span><\/p>\n<\/div>\n<\/div>\n<\/div>\n<div class=\"brz-css-zipqs brz-wrapper\">\n<div class=\"brz-rich-text brz-rich-text__custom brz-css-ytwch\" data-custom-id=\"wgaltqijhrtbphajidooebznolaxgzjwqnhh\">\n<div>\n<p class=\"brz-css-zqtbb\" data-generated-css=\"brz-css-tleex\" data-uniq-id=\"uecfo\"><span class=\"brz-cp-color2\">Aby zapewni\u0107 Pa\u0144stwu bezproblemow\u0105 i wieloletni\u0105 prac\u0119 urz\u0105dze\u0144, prowadzimy kompleksow\u0105 obs\u0142ug\u0119 urz\u0105dze\u0144 \u2013 od monta\u017cu, przez wyst\u0119powanie w imieniu zleceniodawcy przed Urz\u0119dem Dozoru Technicznego, a\u017c do konserwacji, serwisu, naprawy i remontu.<\/span><\/p>\n<\/div>\n<\/div>\n<\/div>\n<div class=\"brz-css-zipqs brz-css-gfkqv brz-wrapper\">\n<div class=\"brz-spacer brz-css-yyvyc brz-css-neajb\"><\/div>\n<\/div>\n<div class=\"brz-row__container brz-css-hvzpp\" data-custom-id=\"emybkzqakbmtzfcvwqgiqnbwijnvfylgxeom\">\n<div class=\"brz-bg overflow-hidden absolute top-0 left-0 w-full h-full\"><\/div>\n<div class=\"brz-row brz-row--inner brz-css-pqwmw brz-css-pluti\">\n<div class=\"brz-columns brz-css-wqqya brz-css-orfkn\" data-custom-id=\"paokndiftpslxqqphocdisepmuvqnybwxfxc\">\n<div class=\"brz-bg overflow-hidden absolute top-0 left-0 w-full h-full\">\n<div class=\"brz-bg-color absolute top-0 left-0 w-full h-full\"><\/div>\n<\/div>\n<div class=\"brz-column__items brz-css-finbc brz-css-sidhf\">\n<div class=\"brz-css-zipqs brz-wrapper\">\n<div class=\"brz-icon-text brz-css-zmbnt\" data-custom-id=\"wjtdrsintxnqvwjrcuzrtjybccgrouhnyoah\">\n<div id class=\"brz-icon__container\" data-custom-id=\"izafcrtbbwoqqjfrboeenrkiyxtnpbjnqynt\"><span class=\"brz-icon brz-span brz-css-hcffj brz-css-zvuac\"><\/span><\/div>\n<div class=\"brz-text-btn\">\n<div class=\"brz-rich-text brz-rich-text__custom brz-css-ytwch\" data-custom-id=\"bgaoiopkrqqoxlhbgvihhvalxvyrvscnbozo\">\n<div>\n<p class=\"brz-css-ajozx\" data-generated-css=\"brz-css-ofcpv\" data-uniq-id=\"sdzlb\"><strong class=\"brz-cp-color2\">Konserwacja<\/strong><\/p>\n<p class=\"brz-css-lyjbi\" data-generated-css=\"brz-css-mtfap\" data-uniq-id=\"kkryj\"><span class=\"brz-cp-color7\">Prowadzimy konserwacj\u0119 i naprawy nowoczesnych jak i starszych wind i innych urz\u0105dze\u0144 transportu publicznego.<\/span><\/p>\n<\/div>\n<\/div>\n<\/div>\n<\/div>\n<\/div>\n<\/div>\n<\/div>\n<\/div>\n<\/div>\n<div class=\"brz-css-zipqs brz-css-gfkqv brz-wrapper\">\n<div class=\"brz-spacer brz-css-yyvyc brz-css-izjsq\"><\/div>\n<\/div>\n<div class=\"brz-row__container brz-css-hvzpp\" data-custom-id=\"dxptmcmzpffcrvvsgoixgypltdblmaufrqwf\">\n<div class=\"brz-bg overflow-hidden absolute top-0 left-0 w-full h-full\"><\/div>\n<div class=\"brz-row brz-row--inner brz-css-pqwmw brz-css-pluti\">\n<div class=\"brz-columns brz-css-wqqya brz-css-sjdst\" data-custom-id=\"vocsjcikfrizztmzwzzjhrhhxibctxqugvbz\">\n<div class=\"brz-bg overflow-hidden absolute top-0 left-0 w-full h-full\">\n<div class=\"brz-bg-color absolute top-0 left-0 w-full h-full\"><\/div>\n<\/div>\n<div class=\"brz-column__items brz-css-finbc brz-css-enjpo\">\n<div class=\"brz-css-zipqs brz-wrapper\">\n<div class=\"brz-icon-text brz-css-zmbnt\" data-custom-id=\"fjkkzmgzehskgxkmcumbumbfkjtehizqnjyw\">\n<div id class=\"brz-icon__container\" data-custom-id=\"uxbpxdahmelcmwvvvedwyheqlmuwfiwswarh\"><span class=\"brz-icon brz-span brz-css-hcffj brz-css-lfroe\"><\/span><\/div>\n<div class=\"brz-text-btn\">\n<div class=\"brz-rich-text brz-rich-text__custom brz-css-ytwch\" data-custom-id=\"ppddnonpmubvgavxxftinkwhutbyhocpkrse\">\n<div>\n<p class=\"brz-css-jaiix\" data-uniq-id=\"wjxob\" data-generated-css=\"brz-css-aeoqq\"><strong class=\"brz-cp-color2\">Monta\u017c<\/strong><\/p>\n<p class=\"brz-css-xtbbz\" data-uniq-id=\"vafsp\" data-generated-css=\"brz-css-pbtgl\"><span class=\"brz-cp-color7\">Prowadzimy dzia\u0142alno\u015b\u0107 podwykonawcz\u0105 w zakresie monta\u017cu urz\u0105dze\u0144 d\u017awigowych wszystkich typ\u00f3w. <\/span><\/p>\n<\/div>\n<\/div>\n<\/div>\n<\/div>\n<\/div>\n<\/div>\n<\/div>\n<\/div>\n<\/div>\n<div class=\"brz-css-zipqs brz-css-gfkqv brz-wrapper\">\n<div class=\"brz-spacer brz-css-yyvyc brz-css-iuzxa\"><\/div>\n<\/div>\n<div class=\"brz-row__container brz-css-hvzpp\" data-custom-id=\"mdfjfxuehfogtkngbskwftdunqvxrsmrastj\">\n<div class=\"brz-bg overflow-hidden absolute top-0 left-0 w-full h-full\"><\/div>\n<div class=\"brz-row brz-row--inner brz-css-pqwmw brz-css-pluti\">\n<div class=\"brz-columns brz-css-wqqya brz-css-qbfxa\" data-custom-id=\"dtvuandsdarqpgadlhylhvmlimqpeguxflac\">\n<div class=\"brz-bg overflow-hidden absolute top-0 left-0 w-full h-full\">\n<div class=\"brz-bg-color absolute top-0 left-0 w-full h-full\"><\/div>\n<\/div>\n<div class=\"brz-column__items brz-css-finbc brz-css-cywef\">\n<div class=\"brz-css-zipqs brz-wrapper\">\n<div class=\"brz-icon-text brz-css-zmbnt\" data-custom-id=\"mnvjrtusktdivaevmomcfdzwtxdjaueuceqr\">\n<div id class=\"brz-icon__container\" data-custom-id=\"swclnocgkctalbqdimdmzkvppodgfvfsbjfn\"><span class=\"brz-icon brz-span brz-css-hcffj brz-css-omddt\"><\/span><\/div>\n<div class=\"brz-text-btn\">\n<div class=\"brz-rich-text brz-rich-text__custom brz-css-ytwch\" data-custom-id=\"pwwfyolzrmjhepavryorpiryqhxdksyvlkqj\">\n<div>\n<p class=\"brz-css-vbidr\" data-generated-css=\"brz-css-zdmkb\" data-uniq-id=\"ydgya\"><strong class=\"brz-cp-color2\">Urz\u0105dzenia<\/strong><\/p>\n<p class=\"brz-css-xpsjn\" data-generated-css=\"brz-css-tjpdh\" data-uniq-id=\"akcfc\"><span class=\"brz-cp-color7\">D\u017awigi (windy) s\u0105 u\u017cyteczne i stanowi\u0105 w dzisiejszych czasach nieod\u0142\u0105czny element nowoczesno\u015bci i praktyczno\u015bci we wszystkich budynkach.<\/span><\/p>\n<\/div>\n<\/div>\n<\/div>\n<\/div>\n<\/div>\n<\/div>\n<\/div>\n<\/div>\n<\/div>\n<div class=\"brz-css-zipqs brz-css-gfkqv brz-css-ocesy brz-wrapper\">\n<div class=\"brz-spacer brz-css-yyvyc brz-css-kjetm\"><\/div>\n<\/div>\n<\/div>\n<\/div>\n<\/div>\n<\/div>\n<\/div>\n<\/div>\n<\/section>\n<section data-uid=\"neleodgvgszsldlkrbirzebgmgudtcrweogl\" id=\"neleodgvgszsldlkrbirzebgmgudtcrweogl\" class=\"brz-section brz-css-sqqsc\">\n<div class=\"brz-section__content brz-section--boxed brz-css-slwji brz-css-olfgw\" data-custom-id=\"twtnxrdokpchxxaydadbwgyeusowynceenib\">\n<div class=\"brz-container brz-css-ddwve\">\n<div class=\"brz-row__container brz-css-hvzpp\" data-custom-id=\"xgddfffkrdqxkgbdouswqjljbarjzhtwnotf\">\n<div class=\"brz-bg overflow-hidden absolute top-0 left-0 w-full h-full\"><\/div>\n<div class=\"brz-row brz-css-pqwmw brz-css-pluti\">\n<div class=\"brz-columns brz-css-wqqya brz-css-eejjs\" data-custom-id=\"qqtvugsqjkbwefwjilkakxerwvyjllfmkyrd\">\n<div class=\"brz-bg overflow-hidden absolute top-0 left-0 w-full h-full\">\n<div class=\"brz-bg-color absolute top-0 left-0 w-full h-full\"><\/div>\n<\/div>\n<div class=\"brz-column__items brz-css-finbc brz-css-asyul\">\n<div class=\"brz-row__container brz-css-hvzpp\" data-custom-id=\"sfacouzqetjoyhcaomeakcdqlzjhsmzguoll\">\n<div class=\"brz-bg overflow-hidden absolute top-0 left-0 w-full h-full\"><\/div>\n<div class=\"brz-row brz-row--inner brz-css-pqwmw brz-css-pluti\">\n<div class=\"brz-columns brz-css-wqqya brz-css-tlwvy\" data-custom-id=\"brcbgaorhpfdriqezmshbqrlogwrzcsggxzi\">\n<div class=\"brz-bg overflow-hidden absolute top-0 left-0 w-full h-full\"><\/div>\n<div class=\"brz-column__items brz-css-finbc\">\n<div class=\"brz-css-zipqs brz-css-hohfe brz-wrapper\">\n<div class=\"brz-rich-text brz-rich-text__custom brz-css-ytwch\" data-custom-id=\"okqfjgpoubeazmrbyltjxkgpfjmhbmweorgp\">\n<div>\n<p class=\"brz-css-ujdmp\" data-uniq-id=\"pxbki\" data-generated-css=\"brz-css-yoeme\"><strong class=\"brz-cp-color8\">Potrzebujesz pomocy z wind\u0105? <\/strong><\/p>\n<p class=\"brz-css-qorgt\" data-uniq-id=\"jnohe\" data-generated-css=\"brz-css-gmtzj\"><span class=\"brz-cp-color8\">Pogotowie 24h<\/span><\/p>\n<\/div>\n<\/div>\n<\/div>\n<\/div>\n<\/div>\n<div class=\"brz-columns brz-css-wqqya brz-css-rnqau\" data-custom-id=\"aqqgagzupdabndlvkzkfdynslrjyskvykcbh\">\n<div class=\"brz-bg overflow-hidden absolute top-0 left-0 w-full h-full\">\n<div class=\"brz-bg-color absolute top-0 left-0 w-full h-full\"><\/div>\n<\/div>\n<div class=\"brz-column__items brz-css-finbc\">\n<div class=\"brz-css-zipqs brz-css-gbvbu brz-wrapper\">\n<div class=\"brz-rich-text brz-rich-text__custom brz-css-ytwch\" data-custom-id=\"muqmbunoffvkfysjtvoksnvfpvjtarfwcwue\">\n<div>\n<h3 class=\"brz-css-otufu\" data-generated-css=\"brz-css-amqle\" data-uniq-id=\"vehvb\"><span>502 646 646<\/span><\/h3>\n<\/div>\n<\/div>\n<\/div>\n<\/div>\n<\/div>\n<\/div>\n<\/div>\n<\/div>\n<\/div>\n<\/div>\n<\/div>\n<\/div>\n<\/div>\n<\/section>\n<section data-uid=\"twyaenjnddkciptvtgxxklbddkfsdriwvkce\" id=\"twyaenjnddkciptvtgxxklbddkfsdriwvkce\" class=\"brz-section brz-css-sqqsc\">\n<div class=\"brz-section__content brz-section--boxed brz-css-slwji brz-css-dzesh\" data-custom-id=\"ociqkohhoacghiksuwqdlzlnvqlkptyftado\">\n<div class=\"brz-bg overflow-hidden absolute top-0 left-0 w-full h-full\">\n<div class=\"brz-bg-color absolute top-0 left-0 w-full h-full\"><\/div>\n<\/div>\n<div class=\"brz-container brz-css-ddwve\">\n<div class=\"brz-row__container brz-css-hvzpp\" data-custom-id=\"vtqxifdwjkwmgkcsgrdveqqknmsddmbnmgba\">\n<div class=\"brz-bg overflow-hidden absolute top-0 left-0 w-full h-full\"><\/div>\n<div class=\"brz-row brz-css-pqwmw\">\n<div class=\"brz-columns brz-css-wqqya brz-css-jvarh\" data-custom-id=\"lvhobuefgxxhxcqilglvgqpyoejrutlnnmpp\">\n<div class=\"brz-bg overflow-hidden absolute top-0 left-0 w-full h-full\"><\/div>\n<div class=\"brz-column__items brz-css-finbc\">\n<div class=\"brz-css-zipqs brz-wrapper\">\n<div class=\"brz-rich-text brz-rich-text__custom brz-css-ytwch\" data-custom-id=\"ckgxmbnvzcibxbchcdhcmtzlfhftkdwlhdsc\">\n<div>\n<h2 data-generated-css=\"brz-css-eqzbe\" class=\"brz-css-senia\"><span>Nasze realizacje<\/span><\/h2>\n<\/div>\n<\/div>\n<\/div>\n<\/div>\n<\/div>\n<\/div>\n<\/div>\n<div class=\"brz-css-zipqs brz-wrapper\">\n<div class=\"brz-wp-shortcode brz-css-glnwi\" data-custom-id=\"xnoqtatwzsfbgctxdfwhhblskedhdbvyqneq\">\n<div><div class=\"rl-gallery-container rl-loading\" id=\"rl-gallery-container-1\" data-gallery_id=\"2018\"> <div class=\"rl-gallery rl-basicgrid-gallery \" id=\"rl-gallery-1\" data-gallery_no=\"1\"> <div class=\"rl-gallery-item\"><a href=\"https:\/\/windypetelski.pl\/wp-content\/uploads\/2023\/02\/a02.jpg\" title=\"\" data-rl_title=\"\" class=\"rl-gallery-link\" data-rl_caption=\"\" data-rel=\"lightbox-gallery-1\"><img loading=\"lazy\" decoding=\"async\" src=\"https:\/\/windypetelski.pl\/wp-content\/uploads\/2023\/02\/a02.jpg\" width=\"533\" height=\"800\" alt=\"\" \/><\/a><\/div><div class=\"rl-gallery-item\"><a href=\"https:\/\/windypetelski.pl\/wp-content\/uploads\/2023\/02\/a06.jpg\" title=\"\" data-rl_title=\"\" class=\"rl-gallery-link\" data-rl_caption=\"\" data-rel=\"lightbox-gallery-1\"><img loading=\"lazy\" decoding=\"async\" src=\"https:\/\/windypetelski.pl\/wp-content\/uploads\/2023\/02\/a06.jpg\" width=\"600\" height=\"800\" alt=\"\" \/><\/a><\/div><div class=\"rl-gallery-item\"><a href=\"https:\/\/windypetelski.pl\/wp-content\/uploads\/2023\/02\/a05.jpg\" title=\"\" data-rl_title=\"\" class=\"rl-gallery-link\" data-rl_caption=\"\" data-rel=\"lightbox-gallery-1\"><img loading=\"lazy\" decoding=\"async\" src=\"https:\/\/windypetelski.pl\/wp-content\/uploads\/2023\/02\/a05.jpg\" width=\"593\" height=\"480\" alt=\"\" \/><\/a><\/div><div class=\"rl-gallery-item\"><a href=\"https:\/\/windypetelski.pl\/wp-content\/uploads\/2023\/02\/a01.jpg\" title=\"\" data-rl_title=\"\" class=\"rl-gallery-link\" data-rl_caption=\"\" data-rel=\"lightbox-gallery-1\"><img loading=\"lazy\" decoding=\"async\" src=\"https:\/\/windypetelski.pl\/wp-content\/uploads\/2023\/02\/a01-768x576.jpg\" width=\"768\" height=\"576\" alt=\"\" \/><\/a><\/div> <\/div> <\/div><\/div>\n<\/div>\n<\/div>\n<div class=\"brz-row__container brz-css-hvzpp\" data-custom-id=\"mzzsgsdphtgfriadnduphgknoysirahrvthi\">\n<div class=\"brz-bg overflow-hidden absolute top-0 left-0 w-full h-full\"><\/div>\n<div class=\"brz-row brz-css-pqwmw\">\n<div class=\"brz-columns brz-css-wqqya brz-css-ggebp\" data-custom-id=\"unbqreizsuiqwqurvpneqwwjasbkwvjspijg\">\n<div class=\"brz-bg overflow-hidden absolute top-0 left-0 w-full h-full\"><\/div>\n<div class=\"brz-column__items brz-css-finbc brz-css-wnedy\">\n<div class=\"brz-wrapper-clone brz-css-ikbau\">\n<div class=\"brz-d-xs-flex brz-flex-xs-wrap brz-css-azqva\">\n<div class=\"brz-wrapper-clone__item brz-css-ilysq\" id=\"ywzznxjylqmzomualdrjjfssehggzczxpkdc\"><a class=\"brz-a brz-btn brz-css-sidsl\" href=\"index.php\/realizacje\/\" data-brz-link-type=\"external\" id data-custom-id=\"ywzznxjylqmzomualdrjjfssehggzczxpkdc\"><span class=\"brz-span brz-text__editor\">ZOBACZ NASZE REALIZACJE<\/span><\/a><\/div>\n<\/div>\n<\/div>\n<\/div>\n<\/div>\n<\/div>\n<\/div>\n<\/div>\n<\/div>\n<\/section>\n<\/div>\n<p><!-- version:1708336330 --><\/p>\n","protected":false},"excerpt":{"rendered":"<p>POZNAJ NAS BLI\u017bEJ Witamy na stronie firmy Wita Ci\u0119 Zak\u0142ad Elektromechaniki D\u017awigowej Petelski sp\u00f3\u0142ka cywilna Podejmujemy ka\u017cde, nawet najtrudniejsze wyzwania! Aby zapewni\u0107 Pa\u0144stwu bezproblemow\u0105 i wieloletni\u0105 prac\u0119 urz\u0105dze\u0144, prowadzimy kompleksow\u0105 obs\u0142ug\u0119 urz\u0105dze\u0144 \u2013 od monta\u017cu, przez wyst\u0119powanie w imieniu zleceniodawcy przed Urz\u0119dem Dozoru Technicznego, a\u017c do konserwacji, serwisu, naprawy i remontu. Konserwacja Prowadzimy konserwacj\u0119 i naprawy nowoczesnych jak i starszych wind i innych urz\u0105dze\u0144 transportu publicznego. Monta\u017c Prowadzimy dzia\u0142alno\u015b\u0107 podwykonawcz\u0105 w zakresie monta\u017cu urz\u0105dze\u0144 d\u017awigowych wszystkich typ\u00f3w. Urz\u0105dzenia D\u017awigi (windy) s\u0105 u\u017cyteczne i stanowi\u0105 w dzisiejszych czasach nieod\u0142\u0105czny element nowoczesno\u015bci i praktyczno\u015bci we wszystkich budynkach. Potrzebujesz pomocy z wind\u0105? Pogotowie\u2026<\/p>\n","protected":false},"author":1,"featured_media":0,"parent":0,"menu_order":0,"comment_status":"closed","ping_status":"closed","template":"","meta":{"footnotes":""},"class_list":["post-562","page","type-page","status-publish","hentry"],"blocksy_meta":{"page_title_panel":"","has_hero_section":"disabled","2e254f56febe4e4ea830b92c323ee2ce":"","hero_section":"type-1","hero_elements":[{"id":"custom_title","enabled":true,"heading_tag":"h1","title":"Home"},{"id":"custom_description","enabled":true,"description_visibility":{"desktop":true,"tablet":true,"mobile":false}},{"id":"custom_meta","enabled":false,"meta_elements":[{"id":"author","enabled":true,"label":"By","has_author_avatar":"yes","avatar_size":25},{"id":"post_date","enabled":true,"label":"On","date_format_source":"default","date_format":"M j, Y"},{"id":"comments","enabled":true}],"page_meta_elements":{"joined":true,"articles_count":true,"comments":true}},{"id":"breadcrumbs","enabled":false}],"4e926b106b1171474e87568311891cda":"","hero_alignment1":"left","hero_alignment2":"center","hero_vertical_alignment":"center","19e61bb4b387f82c72b7008bfab9fbf0":"","hero_structure":"narrow","3fa4b3544be3dd6e36fab8d51ab3d6a3":"","page_title_bg_type":"featured_image","custom_hero_background":{"attachment_id":null},"parallax":{"desktop":false,"tablet":false,"mobile":false},"31e4067afa82a2e67fab6aa7d7d2a8f3":"","hero_height":"250px","pageTitleFont":{"family":"Default","variation":"Default","size":{"desktop":"32px","tablet":"30px","mobile":"25px"},"line-height":"CT_CSS_SKIP_RULE","letter-spacing":"CT_CSS_SKIP_RULE","text-transform":"CT_CSS_SKIP_RULE","text-decoration":"CT_CSS_SKIP_RULE"},"pageTitleFontColor":{"default":{"color":"CT_CSS_SKIP_RULEDEFAULT"}},"pageMetaFont":{"family":"Default","variation":"n6","size":{"desktop":"12px","tablet":"12px","mobile":"12px"},"line-height":"1.3","letter-spacing":"CT_CSS_SKIP_RULE","text-transform":"uppercase","text-decoration":"CT_CSS_SKIP_RULE"},"pageMetaFontColor":{"default":{"color":"CT_CSS_SKIP_RULEDEFAULT"},"hover":{"color":"CT_CSS_SKIP_RULEDEFAULT"}},"pageExcerptFont":{"family":"Default","variation":"Default","size":"CT_CSS_SKIP_RULE","line-height":"CT_CSS_SKIP_RULE","letter-spacing":"CT_CSS_SKIP_RULE","text-transform":"CT_CSS_SKIP_RULE","text-decoration":"CT_CSS_SKIP_RULE"},"pageExcerptColor":{"default":{"color":"CT_CSS_SKIP_RULEDEFAULT"}},"breadcrumbsFont":{"family":"Default","variation":"n6","size":"12px","line-height":"CT_CSS_SKIP_RULE","letter-spacing":"CT_CSS_SKIP_RULE","text-transform":"uppercase","text-decoration":"CT_CSS_SKIP_RULE"},"breadcrumbsFontColor":{"default":{"color":"CT_CSS_SKIP_RULEDEFAULT"},"initial":{"color":"CT_CSS_SKIP_RULEDEFAULT"},"hover":{"color":"CT_CSS_SKIP_RULEDEFAULT"}},"pageTitleOverlay":{"default":{"color":"rgba(41, 51, 60, 0.2)"}},"pageTitleBackground":{"background_type":"color","background_pattern":"type-1","background_image":{"attachment_id":null,"x":0,"y":0},"background_repeat":"no-repeat","background_size":"auto","background_attachment":"scroll","patternColor":{"default":{"color":"#e5e7ea"}},"backgroundColor":{"default":{"color":"#EDEFF2"}}},"5a95cdeb5b563f1fd71f86d1623686cd":"","page_structure_type":"default","content_style":"inherit","vertical_spacing_source":"custom","content_area_spacing":"none","background":{"background_type":"color","background_pattern":"type-1","background_image":{"attachment_id":null,"x":0,"y":0},"background_repeat":"no-repeat","background_size":"auto","background_attachment":"scroll","patternColor":{"default":{"color":"#e5e7ea"}},"backgroundColor":{"default":{"color":"CT_CSS_SKIP_RULE"}}},"content_background":{"background_type":"color","background_pattern":"type-1","background_image":{"attachment_id":null,"x":0,"y":0},"background_repeat":"no-repeat","background_size":"auto","background_attachment":"scroll","patternColor":{"default":{"color":"#e5e7ea"}},"backgroundColor":{"default":{"color":"#ffffff"}}},"content_boxed_spacing":{"desktop":"40px","tablet":"35px","mobile":"20px"},"content_boxed_radius":{"top":"3px","bottom":"3px","left":"3px","right":"3px","linked":true},"content_boxed_shadow":{"blur":18,"spread":-6,"v_offset":12,"h_offset":0,"inset":false,"enable":true,"color":{"color":"rgba(34, 56, 101, 0.04)"}},"f598c88074c2d939aa34db565b520348":"","disable_featured_image":"no","disable_header":"no","disable_footer":"no","styles_descriptor":{"styles":{"desktop":"","tablet":"","mobile":""},"google_fonts":[],"version":5}},"_links":{"self":[{"href":"https:\/\/windypetelski.pl\/index.php\/wp-json\/wp\/v2\/pages\/562","targetHints":{"allow":["GET"]}}],"collection":[{"href":"https:\/\/windypetelski.pl\/index.php\/wp-json\/wp\/v2\/pages"}],"about":[{"href":"https:\/\/windypetelski.pl\/index.php\/wp-json\/wp\/v2\/types\/page"}],"author":[{"embeddable":true,"href":"https:\/\/windypetelski.pl\/index.php\/wp-json\/wp\/v2\/users\/1"}],"replies":[{"embeddable":true,"href":"https:\/\/windypetelski.pl\/index.php\/wp-json\/wp\/v2\/comments?post=562"}],"version-history":[{"count":26,"href":"https:\/\/windypetelski.pl\/index.php\/wp-json\/wp\/v2\/pages\/562\/revisions"}],"predecessor-version":[{"id":2131,"href":"https:\/\/windypetelski.pl\/index.php\/wp-json\/wp\/v2\/pages\/562\/revisions\/2131"}],"wp:attachment":[{"href":"https:\/\/windypetelski.pl\/index.php\/wp-json\/wp\/v2\/media?parent=562"}],"curies":[{"name":"wp","href":"https:\/\/api.w.org\/{rel}","templated":true}]}}