{"id":1349,"date":"2020-08-19T12:00:32","date_gmt":"2020-08-19T10:00:32","guid":{"rendered":"https:\/\/demo.creativethemes.com\/brizy\/business\/?page_id=1349"},"modified":"2024-02-19T10:08:25","modified_gmt":"2024-02-19T09:08:25","slug":"kontakt","status":"publish","type":"page","link":"https:\/\/windypetelski.pl\/index.php\/kontakt\/","title":{"rendered":"KONTAKT"},"content":{"rendered":"<div class=\"brz-root__container brz-reset-all\">\n<section data-uid=\"yrmkvskcqskcgixnssqralxlxzafbfgiwthx\" id=\"yrmkvskcqskcgixnssqralxlxzafbfgiwthx\" class=\"brz-section brz-css-imrjx\">\n<div class=\"brz-section__content brz-section--boxed brz-css-vjult brz-css-txzdl\" data-custom-id=\"zctsouxpjfvjvlenzjrbvgrzwqftaqbwyjiq\">\n<div class=\"brz-bg overflow-hidden absolute top-0 left-0 w-full h-full\">\n<div class=\"brz-bg-image absolute top-0 left-0 w-full h-full bg-no-repeat bg-cover\"><\/div>\n<div class=\"brz-bg-color absolute top-0 left-0 w-full h-full\"><\/div>\n<\/div>\n<div class=\"brz-container brz-css-yjsch\">\n<div class=\"brz-row__container brz-css-bkyrs\" data-custom-id=\"zmoofrqhxgrlankunbcjwtalcogutwfmqixv\">\n<div class=\"brz-bg overflow-hidden absolute top-0 left-0 w-full h-full\"><\/div>\n<div class=\"brz-row brz-css-rreau brz-css-stves\">\n<div class=\"brz-columns brz-css-lmbva brz-css-tprdl\" data-custom-id=\"bwzgyexntjnoydscrmsrpmgdivcldjfoyaqw\">\n<div class=\"brz-bg overflow-hidden absolute top-0 left-0 w-full h-full\"><\/div>\n<div class=\"brz-column__items brz-css-qfjxh\">\n<div class=\"brz-css-dilmo brz-wrapper\">\n<div class=\"brz-rich-text brz-rich-text__custom brz-css-tvxez\" data-custom-id=\"gprlriqukzyuuzqvwmzjjabgmkvxssqknslm\">\n<div>\n<p class=\"brz-css-junuk\" data-uniq-id=\"cjyjp\" data-generated-css=\"brz-css-rrxlv\"><span class=\"brz-cp-color8\">KONTAKT<\/span><\/p>\n<\/div>\n<\/div>\n<\/div>\n<div class=\"brz-css-dilmo brz-wrapper\">\n<div class=\"brz-rich-text brz-rich-text__custom brz-css-tvxez\" data-custom-id=\"eailxzzfraircmjkixtnfxryrqdgqvgyqwag\">\n<div>\n<p class=\"brz-css-rwwob\" data-generated-css=\"brz-css-ccmlp\" data-uniq-id=\"ivmnq\"><span class=\"brz-cp-color8\">Zapraszamy do kontaktu z nami!<\/span><\/p>\n<\/div>\n<\/div>\n<\/div>\n<div class=\"brz-css-dilmo brz-wrapper\">\n<div class=\"brz-rich-text brz-rich-text__custom brz-css-tvxez\" data-custom-id=\"nzxtrlnwoskcoucqatbpqmgfbwinjanrlaqo\">\n<div>\n<p class=\"brz-css-yjibn\" data-uniq-id=\"tyzad\" data-generated-css=\"brz-css-mcytg\"><span class=\"brz-cp-color6\">Czekamy na Tw\u00f3j telefo, e-mail, wizyt\u0119&#8230; a nawet list \ud83d\ude42<\/span><\/p>\n<\/div>\n<\/div>\n<\/div>\n<\/div>\n<\/div>\n<div class=\"brz-columns brz-css-lmbva brz-css-svzjm\" data-custom-id=\"pmijoaqucwaebyhvjkeprzamrezgsadpfsrj\">\n<div class=\"brz-bg overflow-hidden absolute top-0 left-0 w-full h-full\"><\/div>\n<div class=\"brz-column__items brz-css-qfjxh\">\n<div class=\"brz-css-dilmo brz-css-rccdb brz-wrapper\">\n<div class=\"brz-spacer brz-css-fuyfz brz-css-aeyel\"><\/div>\n<\/div>\n<\/div>\n<\/div>\n<\/div>\n<\/div>\n<\/div>\n<\/div>\n<\/section>\n<section data-uid=\"vrazwuvoicqtwbqbjaxdshypjegijceagpbc\" id=\"vrazwuvoicqtwbqbjaxdshypjegijceagpbc\" class=\"brz-section brz-css-imrjx\">\n<div class=\"brz-section__content brz-section--boxed brz-css-vjult brz-css-aduhn\" data-custom-id=\"gbtkmrzwyexmcieeeobjjhxcjontauuuckli\">\n<div class=\"brz-bg overflow-hidden absolute top-0 left-0 w-full h-full\">\n<div class=\"brz-bg-color absolute top-0 left-0 w-full h-full\"><\/div>\n<\/div>\n<div class=\"brz-container brz-css-yjsch\">\n<div class=\"brz-row__container brz-css-bkyrs\" data-custom-id=\"sgtfswmvfflhngezuntohvaiwwwprpgzquiv\">\n<div class=\"brz-bg overflow-hidden absolute top-0 left-0 w-full h-full\"><\/div>\n<div class=\"brz-row brz-css-rreau brz-css-stves\">\n<div class=\"brz-columns brz-css-lmbva\" data-custom-id=\"bvofshvkctjiqwpprgadofujvvaxxkyjertk\">\n<div class=\"brz-bg overflow-hidden absolute top-0 left-0 w-full h-full\"><\/div>\n<div class=\"brz-column__items brz-css-qfjxh\">\n<div class=\"brz-css-dilmo brz-css-wkdmu brz-wrapper\">\n<div class=\"brz-rich-text brz-rich-text__custom brz-css-tvxez\" data-custom-id=\"kjhabkfetksjsxkqtdgypixjlzfxxopcsrjm\">\n<div>\n<p class=\"brz-css-huawv\" data-uniq-id=\"bdend\" data-generated-css=\"brz-css-eubjc\"><span class=\"brz-cp-color8\">Masz problemy z wind\u0105?<\/span><\/p>\n<\/div>\n<\/div>\n<\/div>\n<div class=\"brz-css-dilmo brz-css-pfjmr brz-wrapper\">\n<div class=\"brz-rich-text brz-rich-text__custom brz-css-tvxez\" data-custom-id=\"reykispfxopgthchymdplcexfydarevhnowg\">\n<div>\n<h3 class=\"brz-css-aootu\" data-uniq-id=\"iceyo\" data-generated-css=\"brz-css-ltrtf\"><span class=\"brz-cp-color8\">POGOTOWIE WINDOWE 24H<\/span><\/h3>\n<\/div>\n<\/div>\n<\/div>\n<\/div>\n<\/div>\n<div class=\"brz-columns brz-css-lmbva brz-css-ecfab\" data-custom-id=\"vhfensgltiiepymsuupwurscgxmqgilpeynw\">\n<div class=\"brz-bg overflow-hidden absolute top-0 left-0 w-full h-full\"><\/div>\n<div class=\"brz-column__items brz-css-qfjxh\">\n<div class=\"brz-css-dilmo brz-css-jkrym brz-wrapper\">\n<div class=\"brz-rich-text brz-rich-text__custom brz-css-tvxez\" data-custom-id=\"vioerljocjunadnfobaxbjkzojpfexnqnpbk\">\n<div>\n<h2 class=\"brz-css-qhajw\" data-uniq-id=\"ystnc\" data-generated-css=\"brz-css-jbzun\"><span class=\"brz-cp-color8\">502 646 646<\/span><\/h2>\n<\/div>\n<\/div>\n<\/div>\n<\/div>\n<\/div>\n<\/div>\n<\/div>\n<\/div>\n<\/div>\n<\/section>\n<section data-uid=\"rnovdgzaummifennwzsjcftlcydjedhpysrx\" id=\"rnovdgzaummifennwzsjcftlcydjedhpysrx\" class=\"brz-section brz-css-imrjx\">\n<div class=\"brz-section__content brz-section--boxed brz-css-vjult brz-css-xbptt\" data-custom-id=\"wuglirrfleljhvgqaeczlclshsyqypmuygnd\">\n<div class=\"brz-container brz-css-yjsch\">\n<div class=\"brz-row__container brz-css-bkyrs\" data-custom-id=\"ybjtrhnmncottclfmgcylittrzshnyzadrtn\">\n<div class=\"brz-bg overflow-hidden absolute top-0 left-0 w-full h-full\"><\/div>\n<div class=\"brz-row brz-css-rreau brz-css-stves\">\n<div class=\"brz-columns brz-css-lmbva brz-css-eylff\" data-custom-id=\"njcyrdmereltmfbeeooydizkrhbzplwwjnyd\">\n<div class=\"brz-bg overflow-hidden absolute top-0 left-0 w-full h-full\">\n<div class=\"brz-bg-image absolute top-0 left-0 w-full h-full bg-no-repeat bg-cover\"><\/div>\n<div class=\"brz-bg-color absolute top-0 left-0 w-full h-full\"><\/div>\n<\/div>\n<div class=\"brz-column__items brz-css-qfjxh brz-css-abksf\">\n<div class=\"brz-css-dilmo brz-css-nnogq brz-wrapper\">\n<div class=\"brz-rich-text brz-rich-text__custom brz-css-tvxez\" data-custom-id=\"kkvuuzvbejffqeborrtzbrjhjgwbrdasdtli\">\n<div>\n<p class=\"brz-css-yjbaa\" data-uniq-id=\"froid\" data-generated-css=\"brz-css-mtodg\"><span class=\"brz-cp-color8\">Mrozy Wielkie<\/span><\/p>\n<\/div>\n<\/div>\n<\/div>\n<div class=\"brz-css-dilmo brz-css-xdcms brz-wrapper\">\n<div class=\"brz-rich-text brz-rich-text__custom brz-css-tvxez\" data-custom-id=\"rontnxpyrpfmyehjlhmtoubcsgigfjrzqpaw\">\n<div>\n<p class=\"brz-css-xaqts\" data-uniq-id=\"qjxyx\" data-generated-css=\"brz-css-xmgjl\"><span class=\"brz-cp-color8\">ul. Ja\u015bminowa 10<\/span><\/p>\n<p class=\"brz-css-nwpml\" data-uniq-id=\"qjxyx\" data-generated-css=\"brz-css-xmgjl\"><span class=\"brz-cp-color8\">19-300 E\u0142k <\/span><\/p>\n<\/div>\n<\/div>\n<\/div>\n<\/div>\n<\/div>\n<div class=\"brz-columns brz-css-lmbva brz-css-zkbwx\" data-custom-id=\"thgtymvffertwsmskkrlatjohnbjgjdxdzco\">\n<div class=\"brz-bg overflow-hidden absolute top-0 left-0 w-full h-full\">\n<div class=\"brz-bg-image absolute top-0 left-0 w-full h-full bg-no-repeat bg-cover\"><\/div>\n<div class=\"brz-bg-color absolute top-0 left-0 w-full h-full\"><\/div>\n<\/div>\n<div class=\"brz-column__items brz-css-qfjxh brz-css-diuzz\">\n<div class=\"brz-css-dilmo brz-css-jivzy brz-wrapper\">\n<div class=\"brz-rich-text brz-rich-text__custom brz-css-tvxez\" data-custom-id=\"mmfqsufcfelemqtbvyaxjulngruedkwxfofw\">\n<div>\n<p class=\"brz-css-xpnjf\" data-generated-css=\"brz-css-aojrl\" data-uniq-id=\"shlfr\"><\/p>\n<\/div>\n<\/div>\n<\/div>\n<div class=\"brz-css-dilmo brz-css-mkgri brz-wrapper\">\n<div class=\"brz-rich-text brz-rich-text__custom brz-css-tvxez\" data-custom-id=\"rcamlffkcniqxisdakatlbnkzsvjlgbmghzg\">\n<div>\n<p class=\"brz-css-gclvx\" data-generated-css=\"brz-css-ngvaj\" data-uniq-id=\"nvyho\"><\/p>\n<\/div>\n<\/div>\n<\/div>\n<\/div>\n<\/div>\n<\/div>\n<\/div>\n<div class=\"brz-row__container brz-css-bkyrs\" data-custom-id=\"dyryyrvsbssbjllkepqemrkskedcjnnscoiv\">\n<div class=\"brz-bg overflow-hidden absolute top-0 left-0 w-full h-full\"><\/div>\n<div class=\"brz-row brz-css-rreau brz-css-stves\">\n<div class=\"brz-columns brz-css-lmbva brz-css-zeqfw\" data-custom-id=\"gnwvsivncazhodbgkksnoxkcbsbnceqjhvbc\">\n<div class=\"brz-bg overflow-hidden absolute top-0 left-0 w-full h-full\">\n<div class=\"brz-bg-color absolute top-0 left-0 w-full h-full\"><\/div>\n<\/div>\n<div class=\"brz-column__items brz-css-qfjxh brz-css-ofudh\">\n<div class=\"brz-wrapper-clone brz-css-dyaqh\">\n<div class=\"brz-d-xs-flex brz-flex-xs-wrap brz-css-xfsux\">\n<div class=\"brz-wrapper-clone__item brz-css-rymcc\" id=\"unpxmznkcwxidolfqdcrkkpuwuqqjxtfyczh\">\n<div id class=\"brz-icon__container\" data-custom-id=\"unpxmznkcwxidolfqdcrkkpuwuqqjxtfyczh\"><span class=\"brz-icon brz-span brz-css-taosx brz-css-lgepy\"><svg xmlns=\"http:\/\/www.w3.org\/2000\/svg\" viewbox=\"0 0 576 512\" class=\"brz-icon-svg align-[initial]\" data-type=\"fa\" data-name=\"map-marked-alt\"><path d=\"M288 0c-69.59 0-126 56.41-126 126 0 56.26 82.35 158.8 113.9 196.02 6.39 7.54 17.82 7.54 24.2 0C331.65 284.8 414 182.26 414 126 414 56.41 357.59 0 288 0zm0 168c-23.2 0-42-18.8-42-42s18.8-42 42-42 42 18.8 42 42-18.8 42-42 42zM20.12 215.95A32.006 32.006 0 0 0 0 245.66v250.32c0 11.32 11.43 19.06 21.94 14.86L160 448V214.92c-8.84-15.98-16.07-31.54-21.25-46.42L20.12 215.95zM288 359.67c-14.07 0-27.38-6.18-36.51-16.96-19.66-23.2-40.57-49.62-59.49-76.72v182l192 64V266c-18.92 27.09-39.82 53.52-59.49 76.72-9.13 10.77-22.44 16.95-36.51 16.95zm266.06-198.51L416 224v288l139.88-55.95A31.996 31.996 0 0 0 576 426.34V176.02c0-11.32-11.43-19.06-21.94-14.86z\" \/><\/svg><\/span><\/div>\n<\/div>\n<\/div>\n<\/div>\n<div class=\"brz-css-dilmo brz-css-dhwca brz-wrapper\">\n<div class=\"brz-rich-text brz-rich-text__custom brz-css-tvxez\" data-custom-id=\"dqbsvjgwnqdhdpiuggqznxzzpssqfrtradaa\">\n<div>\n<p class=\"brz-css-amysg\" data-uniq-id=\"zomss\" data-generated-css=\"brz-css-amujj\"><span class=\"brz-cp-color2\">Mrozy Wielkie<\/span><\/p>\n<\/div>\n<\/div>\n<\/div>\n<div class=\"brz-css-dilmo brz-wrapper\">\n<div class=\"brz-rich-text brz-rich-text__custom brz-css-tvxez\" data-custom-id=\"ijfjnyqxwwpipfjaugayjfhvleqzyobvzqbn\">\n<div>\n<p class=\"brz-css-czuon\" data-uniq-id=\"fwdmo\" data-generated-css=\"brz-css-pscyw\"><span class=\"brz-cp-color7\">ul. Ja\u015bminowa 10<\/span><\/p>\n<p class=\"brz-css-hlttm\" data-uniq-id=\"fwdmo\" data-generated-css=\"brz-css-pscyw\"><span class=\"brz-cp-color7\">19-300 E\u0142k<\/span><\/p>\n<\/div>\n<\/div>\n<\/div>\n<\/div>\n<\/div>\n<div class=\"brz-columns brz-css-lmbva brz-css-pityr\" data-custom-id=\"lqigkalmgncsanswesujwofjsgvcnqgmqlde\">\n<div class=\"brz-bg overflow-hidden absolute top-0 left-0 w-full h-full\">\n<div class=\"brz-bg-color absolute top-0 left-0 w-full h-full\"><\/div>\n<\/div>\n<div class=\"brz-column__items brz-css-qfjxh brz-css-vbclj\">\n<div class=\"brz-wrapper-clone brz-css-dyaqh\">\n<div class=\"brz-d-xs-flex brz-flex-xs-wrap brz-css-xfsux\">\n<div class=\"brz-wrapper-clone__item brz-css-rymcc\" id=\"eifnmyaucaigkswxfnhcijulblzfuwdslheh\">\n<div id class=\"brz-icon__container\" data-custom-id=\"eifnmyaucaigkswxfnhcijulblzfuwdslheh\"><span class=\"brz-icon brz-span brz-css-taosx brz-css-bjecn\"><svg xmlns=\"http:\/\/www.w3.org\/2000\/svg\" viewbox=\"0 0 576 512\" class=\"brz-icon-svg align-[initial]\" data-type=\"fa\" data-name=\"edit\"><path d=\"M402.6 83.2l90.2 90.2c3.8 3.8 3.8 10 0 13.8L274.4 405.6l-92.8 10.3c-12.4 1.4-22.9-9.1-21.5-21.5l10.3-92.8L388.8 83.2c3.8-3.8 10-3.8 13.8 0zm162-22.9l-48.8-48.8c-15.2-15.2-39.9-15.2-55.2 0l-35.4 35.4c-3.8 3.8-3.8 10 0 13.8l90.2 90.2c3.8 3.8 10 3.8 13.8 0l35.4-35.4c15.2-15.3 15.2-40 0-55.2zM384 346.2V448H64V128h229.8c3.2 0 6.2-1.3 8.5-3.5l40-40c7.6-7.6 2.2-20.5-8.5-20.5H48C21.5 64 0 85.5 0 112v352c0 26.5 21.5 48 48 48h352c26.5 0 48-21.5 48-48V306.2c0-10.7-12.9-16-20.5-8.5l-40 40c-2.2 2.3-3.5 5.3-3.5 8.5z\" \/><\/svg><\/span><\/div>\n<\/div>\n<\/div>\n<\/div>\n<div class=\"brz-css-dilmo brz-css-cowzs brz-wrapper\">\n<div class=\"brz-rich-text brz-rich-text__custom brz-css-tvxez\" data-custom-id=\"krtrkermgtxkesoaeulrqfzymlshunotsjkd\">\n<div>\n<p class=\"brz-css-huplv\" data-generated-css=\"brz-css-bnlfy\" data-uniq-id=\"atilz\">Dane<\/p>\n<\/div>\n<\/div>\n<\/div>\n<div class=\"brz-css-dilmo brz-wrapper\">\n<div class=\"brz-rich-text brz-rich-text__custom brz-css-tvxez\" data-custom-id=\"crnnlzzwcvvmfmvdfcrueebbpmvghnafuqpm\">\n<div>\n<p class=\"brz-css-snjna\" data-uniq-id=\"ivgjl\" data-generated-css=\"brz-css-pcbyx\"><span class=\"brz-cp-color7\">Zak\u0142ad Elektromechaniki D\u017awigowej Petelski sp\u00f3\u0142ka cywilna<\/span><\/p>\n<p data-uniq-id=\"ivgjl\" data-generated-css=\"brz-css-pcbyx\" class=\"brz-css-zfjig\"><span class=\"brz-cp-color7\">NIP: 848 186 12 33 <\/span><\/p>\n<\/div>\n<\/div>\n<\/div>\n<\/div>\n<\/div>\n<div class=\"brz-columns brz-css-lmbva brz-css-wadkh\" data-custom-id=\"pqwhcokxfcwwpdqtlcjfjzfyrzibfhqvghov\">\n<div class=\"brz-bg overflow-hidden absolute top-0 left-0 w-full h-full\">\n<div class=\"brz-bg-color absolute top-0 left-0 w-full h-full\"><\/div>\n<\/div>\n<div class=\"brz-column__items brz-css-qfjxh brz-css-dtqeu\">\n<div class=\"brz-wrapper-clone brz-css-dyaqh\">\n<div class=\"brz-d-xs-flex brz-flex-xs-wrap brz-css-xfsux\">\n<div class=\"brz-wrapper-clone__item brz-css-rymcc\" id=\"glqkbcyycanlzeduvjmghatngldbsvxscupb\">\n<div id class=\"brz-icon__container\" data-custom-id=\"glqkbcyycanlzeduvjmghatngldbsvxscupb\"><span class=\"brz-icon brz-span brz-css-taosx brz-css-xukxj\"><svg xmlns=\"http:\/\/www.w3.org\/2000\/svg\" viewbox=\"0 0 512 512\" class=\"brz-icon-svg align-[initial]\" data-type=\"fa\" data-name=\"clock\"><path d=\"M256,8C119,8,8,119,8,256S119,504,256,504,504,393,504,256,393,8,256,8Zm92.49,313h0l-20,25a16,16,0,0,1-22.49,2.5h0l-67-49.72a40,40,0,0,1-15-31.23V112a16,16,0,0,1,16-16h32a16,16,0,0,1,16,16V256l58,42.5A16,16,0,0,1,348.49,321Z\" \/><\/svg><\/span><\/div>\n<\/div>\n<\/div>\n<\/div>\n<div class=\"brz-css-dilmo brz-css-dwniq brz-wrapper\">\n<div class=\"brz-rich-text brz-rich-text__custom brz-css-tvxez\" data-custom-id=\"hzegutmzwwyrlxgooutijeskqlhmiedobelt\">\n<div>\n<p class=\"brz-css-tonrn\" data-uniq-id=\"nuajm\" data-generated-css=\"brz-css-wxexf\"><span class=\"brz-cp-color2\">Godziny pracy<\/span><\/p>\n<\/div>\n<\/div>\n<\/div>\n<div class=\"brz-css-dilmo brz-wrapper\">\n<div class=\"brz-rich-text brz-rich-text__custom brz-css-tvxez\" data-custom-id=\"ivhlpclsvxjwlvdbeldhqkrvzmudrhazoyjz\">\n<div>\n<p class=\"brz-css-tjzbf\" data-uniq-id=\"gtqkb\" data-generated-css=\"brz-css-dzloj\"><span class=\"brz-cp-color7\">Pon-pt: XX -XX<\/span><\/p>\n<p class=\"brz-css-avrod\" data-uniq-id=\"gtqkb\" data-generated-css=\"brz-css-dzloj\"><span class=\"brz-cp-color7\">Sob: XX &#8211; XX<\/span><\/p>\n<p class=\"brz-css-chxbo\" data-uniq-id=\"cgjva\" data-generated-css=\"brz-css-hetfm\"><span class=\"brz-cp-color7\">Ndz: nieczynne<\/span><\/p>\n<\/div>\n<\/div>\n<\/div>\n<\/div>\n<\/div>\n<div class=\"brz-columns brz-css-lmbva brz-css-pzdfg\" data-custom-id=\"rafgdoxwpvgyvqsxuarlndmmcpwmlognfbwy\">\n<div class=\"brz-bg overflow-hidden absolute top-0 left-0 w-full h-full\">\n<div class=\"brz-bg-color absolute top-0 left-0 w-full h-full\"><\/div>\n<\/div>\n<div class=\"brz-column__items brz-css-qfjxh brz-css-cqluw\">\n<div class=\"brz-wrapper-clone brz-css-dyaqh\">\n<div class=\"brz-d-xs-flex brz-flex-xs-wrap brz-css-xfsux\">\n<div class=\"brz-wrapper-clone__item brz-css-rymcc\" id=\"xueemyskyzwfhokvfkoucbnzvedbvkxhhwmx\">\n<div id class=\"brz-icon__container\" data-custom-id=\"xueemyskyzwfhokvfkoucbnzvedbvkxhhwmx\"><span class=\"brz-icon brz-span brz-css-taosx brz-css-awkon\"><svg xmlns=\"http:\/\/www.w3.org\/2000\/svg\" viewbox=\"0 0 512 512\" class=\"brz-icon-svg align-[initial]\" data-type=\"fa\" data-name=\"envelope\"><path d=\"M502.3 190.8c3.9-3.1 9.7-.2 9.7 4.7V400c0 26.5-21.5 48-48 48H48c-26.5 0-48-21.5-48-48V195.6c0-5 5.7-7.8 9.7-4.7 22.4 17.4 52.1 39.5 154.1 113.6 21.1 15.4 56.7 47.8 92.2 47.6 35.7.3 72-32.8 92.3-47.6 102-74.1 131.6-96.3 154-113.7zM256 320c23.2.4 56.6-29.2 73.4-41.4 132.7-96.3 142.8-104.7 173.4-128.7 5.8-4.5 9.2-11.5 9.2-18.9v-19c0-26.5-21.5-48-48-48H48C21.5 64 0 85.5 0 112v19c0 7.4 3.4 14.3 9.2 18.9 30.6 23.9 40.7 32.4 173.4 128.7 16.8 12.2 50.2 41.8 73.4 41.4z\" \/><\/svg><\/span><\/div>\n<\/div>\n<\/div>\n<\/div>\n<div class=\"brz-css-dilmo brz-css-vhndp brz-wrapper\">\n<div class=\"brz-rich-text brz-rich-text__custom brz-css-tvxez\" data-custom-id=\"gpffppldsqpzabraisicyctkbuvzirfefeyz\">\n<div>\n<p class=\"brz-css-ihiso\" data-uniq-id=\"hbheo\" data-generated-css=\"brz-css-nnfat\"><span class=\"brz-cp-color2\">E-mail<\/span><\/p>\n<\/div>\n<\/div>\n<\/div>\n<div class=\"brz-css-dilmo brz-wrapper\">\n<div class=\"brz-rich-text brz-rich-text__custom brz-css-tvxez\" data-custom-id=\"zogoquzoxkteptywvllgntlouhkfcqrijljr\">\n<div>\n<p class=\"brz-css-nfshh\" data-uniq-id=\"czrmp\" data-generated-css=\"brz-css-ybqoe\"><span class=\"brz-cp-color7\">biuro@windypetelski.pl<\/span><\/p>\n<\/div>\n<\/div>\n<\/div>\n<\/div>\n<\/div>\n<div class=\"brz-columns brz-css-lmbva brz-css-uekeo\" data-custom-id=\"zgjyptczsolypxnfydwxlkhzaqbkkeoktftt\">\n<div class=\"brz-bg overflow-hidden absolute top-0 left-0 w-full h-full\">\n<div class=\"brz-bg-color absolute top-0 left-0 w-full h-full\"><\/div>\n<\/div>\n<div class=\"brz-column__items brz-css-qfjxh brz-css-ickok\">\n<div class=\"brz-wrapper-clone brz-css-dyaqh\">\n<div class=\"brz-d-xs-flex brz-flex-xs-wrap brz-css-xfsux\">\n<div class=\"brz-wrapper-clone__item brz-css-rymcc\" id=\"sximqhjhlvuxzwxxjjzybuiepbsrdnwiaxvp\">\n<div id class=\"brz-icon__container\" data-custom-id=\"sximqhjhlvuxzwxxjjzybuiepbsrdnwiaxvp\"><span class=\"brz-icon brz-span brz-css-taosx brz-css-hremv\"><svg xmlns=\"http:\/\/www.w3.org\/2000\/svg\" viewbox=\"0 0 320 512\" class=\"brz-icon-svg align-[initial]\" data-type=\"fa\" data-name=\"mobile\"><path d=\"M272 0H48C21.5 0 0 21.5 0 48v416c0 26.5 21.5 48 48 48h224c26.5 0 48-21.5 48-48V48c0-26.5-21.5-48-48-48zM160 480c-17.7 0-32-14.3-32-32s14.3-32 32-32 32 14.3 32 32-14.3 32-32 32z\" \/><\/svg><\/span><\/div>\n<\/div>\n<\/div>\n<\/div>\n<div class=\"brz-css-dilmo brz-css-nvxne brz-wrapper\">\n<div class=\"brz-rich-text brz-rich-text__custom brz-css-tvxez\" data-custom-id=\"vujpepxnhctafopgozkftztgdtlzupzjrkdf\">\n<div>\n<p class=\"brz-css-rsahx\" data-uniq-id=\"owtax\" data-generated-css=\"brz-css-omxqk\"><span class=\"brz-cp-color2\">Telefon<\/span><\/p>\n<\/div>\n<\/div>\n<\/div>\n<div class=\"brz-css-dilmo brz-wrapper\">\n<div class=\"brz-rich-text brz-rich-text__custom brz-css-tvxez\" data-custom-id=\"bhgkxjvjpeuusyzpwxingeelhfrsxtkpmgtv\">\n<div>\n<p class=\"brz-css-iawka\" data-generated-css=\"brz-css-jcdcj\" data-uniq-id=\"twqaw\"><span class=\"brz-cp-color7\">695 050 404<\/span><\/p>\n<\/div>\n<\/div>\n<\/div>\n<\/div>\n<\/div>\n<\/div>\n<\/div>\n<\/div>\n<\/div>\n<\/section>\n<section data-uid=\"tupcuktplkvvbzyuguujeriogaraexkzopgf\" id=\"tupcuktplkvvbzyuguujeriogaraexkzopgf\" class=\"brz-section brz-css-imrjx\">\n<div class=\"brz-section__content brz-section--boxed brz-css-vjult\" data-custom-id=\"eyhkarryxeehhlwprxnlqawhnqfvbhipjwjq\">\n<div class=\"brz-container brz-css-yjsch\">\n<div class=\"brz-row__container brz-css-bkyrs\" data-custom-id=\"vpyrcxswfbiuwfehczpxyqgjlqutkysnxjwe\">\n<div class=\"brz-bg overflow-hidden absolute top-0 left-0 w-full h-full\"><\/div>\n<div class=\"brz-row brz-css-rreau brz-css-stves\">\n<div class=\"brz-columns brz-css-lmbva brz-css-elqyz\" data-custom-id=\"fnjsslmncgdtxpajinliavvzbpqhxpddubhk\">\n<div class=\"brz-bg overflow-hidden absolute top-0 left-0 w-full h-full\"><\/div>\n<div class=\"brz-column__items brz-css-qfjxh\">\n<div class=\"brz-css-dilmo brz-wrapper\">\n<div class=\"brz-map brz-css-jfdyb brz-css-xakhd\" data-custom-id=\"jxegwyakdmikscotughggmoovhjtqxchyrng\">\n<div class=\"brz-map-content\"><iframe class=\"brz-iframe intrinsic-ignore\" src=\"https:\/\/www.google.com\/maps\/embed\/v1\/place?key=AIzaSyCcywKcxXeMZiMwLDcLgyEnNglcLOyB_qw&#038;q=Mrozy Wielkie&#038;zoom=15\"><\/iframe><\/div>\n<\/div>\n<\/div>\n<\/div>\n<\/div>\n<\/div>\n<\/div>\n<\/div>\n<\/div>\n<\/section>\n<\/div>\n<p><!-- version:1708333705 --><\/p>\n","protected":false},"excerpt":{"rendered":"<p>KONTAKT Zapraszamy do kontaktu z nami! Czekamy na Tw\u00f3j telefo, e-mail, wizyt\u0119&#8230; a nawet list \ud83d\ude42 Masz problemy z wind\u0105? POGOTOWIE WINDOWE 24H 502 646 646 Mrozy Wielkie ul. Ja\u015bminowa 10 19-300 E\u0142k Mrozy Wielkie ul. Ja\u015bminowa 10 19-300 E\u0142k Dane Zak\u0142ad Elektromechaniki D\u017awigowej Petelski sp\u00f3\u0142ka cywilna NIP: 848 186 12 33 Godziny pracy Pon-pt: XX -XX Sob: XX &#8211; XX Ndz: nieczynne E-mail biuro@windypetelski.pl Telefon 695 050 404<\/p>\n","protected":false},"author":1,"featured_media":0,"parent":0,"menu_order":0,"comment_status":"closed","ping_status":"closed","template":"","meta":{"footnotes":""},"class_list":["post-1349","page","type-page","status-publish","hentry"],"blocksy_meta":{"page_title_panel":"","has_hero_section":"disabled","0d6887bc30f7d6a9eb1ced02516bb0e9":"","hero_section":"type-1","hero_elements":[{"id":"custom_title","enabled":true,"heading_tag":"h1","title":"Home"},{"id":"custom_description","enabled":true,"description_visibility":{"desktop":true,"tablet":true,"mobile":false}},{"id":"custom_meta","enabled":false,"meta_elements":[{"id":"author","enabled":true,"label":"By","has_author_avatar":"yes","avatar_size":25},{"id":"post_date","enabled":true,"label":"On","date_format_source":"default","date_format":"M j, Y"},{"id":"comments","enabled":true}],"page_meta_elements":{"joined":true,"articles_count":true,"comments":true}},{"id":"breadcrumbs","enabled":false}],"e77773c76432a871deb0e9dddb2bf2ec":"","hero_alignment1":"left","hero_alignment2":"center","hero_vertical_alignment":"center","9ffb30d581f71b523a4ebc214f903e7b":"","hero_structure":"narrow","3ae8d94334920ac778c3f25d18c4f8c9":"","page_title_bg_type":"featured_image","custom_hero_background":{"attachment_id":null},"parallax":{"desktop":false,"tablet":false,"mobile":false},"9b6fd6fabdcc79ae7d853765a9e093b9":"","hero_height":"250px","pageTitleFont":{"family":"Default","variation":"Default","size":{"desktop":"32px","tablet":"30px","mobile":"25px"},"line-height":"CT_CSS_SKIP_RULE","letter-spacing":"CT_CSS_SKIP_RULE","text-transform":"CT_CSS_SKIP_RULE","text-decoration":"CT_CSS_SKIP_RULE"},"pageTitleFontColor":{"default":{"color":"CT_CSS_SKIP_RULEDEFAULT"}},"pageMetaFont":{"family":"Default","variation":"n6","size":{"desktop":"12px","tablet":"12px","mobile":"12px"},"line-height":"1.3","letter-spacing":"CT_CSS_SKIP_RULE","text-transform":"uppercase","text-decoration":"CT_CSS_SKIP_RULE"},"pageMetaFontColor":{"default":{"color":"CT_CSS_SKIP_RULEDEFAULT"},"hover":{"color":"CT_CSS_SKIP_RULEDEFAULT"}},"pageExcerptFont":{"family":"Default","variation":"Default","size":"CT_CSS_SKIP_RULE","line-height":"CT_CSS_SKIP_RULE","letter-spacing":"CT_CSS_SKIP_RULE","text-transform":"CT_CSS_SKIP_RULE","text-decoration":"CT_CSS_SKIP_RULE"},"pageExcerptColor":{"default":{"color":"CT_CSS_SKIP_RULEDEFAULT"}},"breadcrumbsFont":{"family":"Default","variation":"n6","size":"12px","line-height":"CT_CSS_SKIP_RULE","letter-spacing":"CT_CSS_SKIP_RULE","text-transform":"uppercase","text-decoration":"CT_CSS_SKIP_RULE"},"breadcrumbsFontColor":{"default":{"color":"CT_CSS_SKIP_RULEDEFAULT"},"initial":{"color":"CT_CSS_SKIP_RULEDEFAULT"},"hover":{"color":"CT_CSS_SKIP_RULEDEFAULT"}},"pageTitleOverlay":{"default":{"color":"rgba(41, 51, 60, 0.2)"}},"pageTitleBackground":{"background_type":"color","background_pattern":"type-1","background_image":{"attachment_id":null,"x":0,"y":0},"background_repeat":"no-repeat","background_size":"auto","background_attachment":"scroll","patternColor":{"default":{"color":"#e5e7ea"}},"backgroundColor":{"default":{"color":"#EDEFF2"}}},"e11b4cf2b73d1a601f6fe7d4864accda":"","page_structure_type":"default","content_style":"inherit","vertical_spacing_source":"custom","content_area_spacing":"none","background":{"background_type":"color","background_pattern":"type-1","background_image":{"attachment_id":null,"x":0,"y":0},"background_repeat":"no-repeat","background_size":"auto","background_attachment":"scroll","patternColor":{"default":{"color":"#e5e7ea"}},"backgroundColor":{"default":{"color":"CT_CSS_SKIP_RULE"}}},"content_background":{"background_type":"color","background_pattern":"type-1","background_image":{"attachment_id":null,"x":0,"y":0},"background_repeat":"no-repeat","background_size":"auto","background_attachment":"scroll","patternColor":{"default":{"color":"#e5e7ea"}},"backgroundColor":{"default":{"color":"#ffffff"}}},"content_boxed_spacing":{"desktop":"40px","tablet":"35px","mobile":"20px"},"content_boxed_radius":{"top":"3px","bottom":"3px","left":"3px","right":"3px","linked":true},"content_boxed_shadow":{"blur":18,"spread":-6,"v_offset":12,"h_offset":0,"inset":false,"enable":true,"color":{"color":"rgba(34, 56, 101, 0.04)"}},"f31f7d13efb659f5c21532d69560b54d":"","disable_featured_image":"no","disable_header":"no","disable_footer":"no","styles_descriptor":{"styles":{"desktop":"","tablet":"","mobile":""},"google_fonts":[],"version":5}},"_links":{"self":[{"href":"https:\/\/windypetelski.pl\/index.php\/wp-json\/wp\/v2\/pages\/1349","targetHints":{"allow":["GET"]}}],"collection":[{"href":"https:\/\/windypetelski.pl\/index.php\/wp-json\/wp\/v2\/pages"}],"about":[{"href":"https:\/\/windypetelski.pl\/index.php\/wp-json\/wp\/v2\/types\/page"}],"author":[{"embeddable":true,"href":"https:\/\/windypetelski.pl\/index.php\/wp-json\/wp\/v2\/users\/1"}],"replies":[{"embeddable":true,"href":"https:\/\/windypetelski.pl\/index.php\/wp-json\/wp\/v2\/comments?post=1349"}],"version-history":[{"count":21,"href":"https:\/\/windypetelski.pl\/index.php\/wp-json\/wp\/v2\/pages\/1349\/revisions"}],"predecessor-version":[{"id":2140,"href":"https:\/\/windypetelski.pl\/index.php\/wp-json\/wp\/v2\/pages\/1349\/revisions\/2140"}],"wp:attachment":[{"href":"https:\/\/windypetelski.pl\/index.php\/wp-json\/wp\/v2\/media?parent=1349"}],"curies":[{"name":"wp","href":"https:\/\/api.w.org\/{rel}","templated":true}]}}